{"id":13,"date":"2024-06-30T19:17:55","date_gmt":"2024-06-30T19:17:55","guid":{"rendered":"https:\/\/latinarealtoursecuador.com\/?page_id=13"},"modified":"2025-02-08T05:52:39","modified_gmt":"2025-02-08T05:52:39","slug":"about-us","status":"publish","type":"page","link":"https:\/\/latinarealtoursecuador.com\/es\/about-us\/","title":{"rendered":"ACERCA DE"},"content":{"rendered":"<div data-elementor-type=\"wp-page\" data-elementor-id=\"13\" class=\"elementor elementor-13\" data-elementor-post-type=\"page\">\n\t\t\t\t<div class=\"elementor-element elementor-element-258f625 e-con-full e-flex e-con e-parent\" data-id=\"258f625\" data-element_type=\"container\" data-e-type=\"container\" data-settings=\"{&quot;background_background&quot;:&quot;classic&quot;}\">\n\t\t<div class=\"elementor-element elementor-element-394d20c e-con-full e-flex e-con e-child\" data-id=\"394d20c\" data-element_type=\"container\" data-e-type=\"container\">\n\t\t\t\t<div class=\"elementor-element elementor-element-df4e4d8 elementor-widget elementor-widget-heading\" data-id=\"df4e4d8\" data-element_type=\"widget\" data-e-type=\"widget\" data-widget_type=\"heading.default\">\n\t\t\t\t<div class=\"elementor-widget-container\">\n\t\t\t\t\t<h2 class=\"elementor-heading-title elementor-size-default\">Nosotros<\/h2>\t\t\t\t<\/div>\n\t\t\t\t<\/div>\n\t\t\t\t<\/div>\n\t\t<div class=\"elementor-element elementor-element-652bd30 e-con-full e-flex e-con e-child\" data-id=\"652bd30\" data-element_type=\"container\" data-e-type=\"container\">\n\t\t<div class=\"elementor-element elementor-element-5c0cefd e-con-full e-flex e-con e-child\" data-id=\"5c0cefd\" data-element_type=\"container\" data-e-type=\"container\">\n\t\t\t\t<div class=\"elementor-element elementor-element-19f5b14 elementor-widget__width-initial elementor-widget elementor-widget-text-editor\" data-id=\"19f5b14\" data-element_type=\"widget\" data-e-type=\"widget\" data-widget_type=\"text-editor.default\">\n\t\t\t\t<div class=\"elementor-widget-container\">\n\t\t\t\t\t\t\t\t\t<p><span style=\"font-weight: 400;\">Latina Real Tours viene organizando viajes exitosos a Ecuador desde 2007. Nuestro Gerente General y Fundador, el Sr. Boris Siebert, originario de Mainz, Alemania, es un gu\u00eda tur\u00edstico certificado de nuestro pa\u00eds y ha vivido en Quito desde 1993, por lo que conoce el pa\u00eds como la palma de su mano. Por otro lado, el administrador de empresas, Juan Orozco, trabaja en la agencia desde 2014, y actualmente ocupa el cargo de presidente. Con Latina Real Tours viajar\u00e1s individualmente o en peque\u00f1os grupos a los lugares m\u00e1s bellos de los Andes, al bosque nuboso de monta\u00f1a tropical o a la regi\u00f3n amaz\u00f3nica. Los viajes clasicos para todas las edades se encuentran entre los atractivos nacionales.\u00a0<\/span><\/p><p><span style=\"font-weight: 400;\">De igual manera, viajes activos y de senderismo para personas con buena condici\u00f3n f\u00edsica, as\u00ed como tours de observaci\u00f3n de aves, viajes de buceo y viajes flexibles en auto alquilado, forman parte de la amplia oferta de Latina Real Tours. Boris y Juan han tenido la oportunidad de especializarse en las Islas Gal\u00e1pagos, durante las decenas de viajes que han realizado al destino. Organizamos los mejores tours de isla en isla al m\u00e1gico archipi\u00e9lago de Gal\u00e1pagos. Estaremos encantados de crear ofertas de viajes individuales o grupales adaptadas a sus deseos y presupuestos.<\/span><\/p>\t\t\t\t\t\t\t\t<\/div>\n\t\t\t\t<\/div>\n\t\t\t\t<\/div>\n\t\t<div class=\"elementor-element elementor-element-9e2585b e-con-full e-flex e-con e-child\" data-id=\"9e2585b\" data-element_type=\"container\" data-e-type=\"container\">\n\t\t\t\t<div class=\"elementor-element elementor-element-3a98ab7 elementor-widget elementor-widget-image\" data-id=\"3a98ab7\" data-element_type=\"widget\" data-e-type=\"widget\" data-widget_type=\"image.default\">\n\t\t\t\t<div class=\"elementor-widget-container\">\n\t\t\t\t\t\t\t\t\t\t\t\t\t\t\t<img fetchpriority=\"high\" decoding=\"async\" width=\"800\" height=\"600\" src=\"https:\/\/latinarealtoursecuador.com\/wp-content\/uploads\/2024\/08\/Ofi-afuera.jpg\" class=\"attachment-large size-large wp-image-2140\" alt=\"\" srcset=\"https:\/\/latinarealtoursecuador.com\/wp-content\/uploads\/2024\/08\/Ofi-afuera.jpg 858w, https:\/\/latinarealtoursecuador.com\/wp-content\/uploads\/2024\/08\/Ofi-afuera-300x225.jpg 300w, https:\/\/latinarealtoursecuador.com\/wp-content\/uploads\/2024\/08\/Ofi-afuera-768x576.jpg 768w, https:\/\/latinarealtoursecuador.com\/wp-content\/uploads\/2024\/08\/Ofi-afuera-16x12.jpg 16w\" sizes=\"(max-width: 800px) 100vw, 800px\" \/>\t\t\t\t\t\t\t\t\t\t\t\t\t\t\t<\/div>\n\t\t\t\t<\/div>\n\t\t\t\t<\/div>\n\t\t\t\t<\/div>\n\t\t\t\t<\/div>\n\t\t\t\t<\/div>","protected":false},"excerpt":{"rendered":"<p>About us Latina Real Tours has been organizing successful trips to Ecuador since 2007. Our General Manager and Founder, Mr. Boris Siebert, originally from Mainz, Germany, is a certified tour guide from our country and has lived in Quito since 1993, so he knows the country like the palm of his hand. On the other [&hellip;]<\/p>\n","protected":false},"author":1,"featured_media":0,"parent":0,"menu_order":0,"comment_status":"closed","ping_status":"closed","template":"","meta":{"footnotes":""},"class_list":["post-13","page","type-page","status-publish","hentry"],"_links":{"self":[{"href":"https:\/\/latinarealtoursecuador.com\/es\/wp-json\/wp\/v2\/pages\/13","targetHints":{"allow":["GET"]}}],"collection":[{"href":"https:\/\/latinarealtoursecuador.com\/es\/wp-json\/wp\/v2\/pages"}],"about":[{"href":"https:\/\/latinarealtoursecuador.com\/es\/wp-json\/wp\/v2\/types\/page"}],"author":[{"embeddable":true,"href":"https:\/\/latinarealtoursecuador.com\/es\/wp-json\/wp\/v2\/users\/1"}],"replies":[{"embeddable":true,"href":"https:\/\/latinarealtoursecuador.com\/es\/wp-json\/wp\/v2\/comments?post=13"}],"version-history":[{"count":8,"href":"https:\/\/latinarealtoursecuador.com\/es\/wp-json\/wp\/v2\/pages\/13\/revisions"}],"predecessor-version":[{"id":3480,"href":"https:\/\/latinarealtoursecuador.com\/es\/wp-json\/wp\/v2\/pages\/13\/revisions\/3480"}],"wp:attachment":[{"href":"https:\/\/latinarealtoursecuador.com\/es\/wp-json\/wp\/v2\/media?parent=13"}],"curies":[{"name":"wp","href":"https:\/\/api.w.org\/{rel}","templated":true}]}}